{"id":41,"date":"2018-05-28T10:23:11","date_gmt":"2018-05-28T10:23:11","guid":{"rendered":"http:\/\/multipurpose.loc\/hotel\/?page_id=41"},"modified":"2026-03-14T10:00:37","modified_gmt":"2026-03-14T14:00:37","slug":"lista-habitaciones","status":"publish","type":"page","link":"https:\/\/bijoulapuertahotel.com\/en\/lista-habitaciones\/","title":{"rendered":"Bedrooms"},"content":{"rendered":"<div class=\"wpb-content-wrapper\"><div class=\"container vc_container\" ><div class=\"vc_row wpb_row vc_row-fluid\"><div class=\"wpb_column vc_column_container vc_col-sm-8\">\n    <div class=\"vc_column-inner\">\n        <div class=\"wpb_wrapper\">\n            \n\t<div class=\"wpb_text_column wpb_content_element\" >\n\t\t<div class=\"wpb_wrapper\">\n\t\t\t<div class=\"hotelier\">\n    \n<form name=\"hotelier_datepicker\" method=\"post\" id=\"hotelier-datepicker\" class=\"datepicker-form\"\n      action=\"\/en\/lista-habitaciones\/\" enctype=\"multipart\/form-data\" data-trp-original-action=\"https:\/\/bijoulapuertahotel.com\/en\/lista-habitaciones\/\">\n\n    <span class=\"datepicker-input-select-wrapper\"><input class=\"datepicker-input-select\" type=\"text\"\n                                                         id=\"hotelier-datepicker-select\" value=\"\"><\/span>\n    <input type=\"text\" id=\"hotelier-datepicker-checkin\" class=\"datepicker-input datepicker-input--checkin\"\n           name=\"checkin\" value=\"2026-04-07\">\n    <input type=\"text\" id=\"hotelier-datepicker-checkout\" class=\"datepicker-input datepicker-input--checkout\"\n           name=\"checkout\" value=\"2026-04-08\">\n\n    \n\n    <p class=\"selected-nights\">1-night stay<\/p>\n\n\n    <button type=\"submit\" class=\"btn btn_solid btn_primary btn_icon-right button button--datepicker\" name=\"hotelier_datepicker_button\" id=\"datepicker-button\" ><i class=\"btn__icon stmicon-keyboard_arrow_right\"><\/i>Check Rates<\/button><input type=\"hidden\" name=\"trp-form-language\" value=\"en\"\/><\/form>\n\n\n    <form name=\"room_list\" method=\"post\" id=\"form--listing\" class=\"form--listing listing\" enctype=\"multipart\/form-data\">\n\n        \n        \n        <div class=\"stm_wp_hotelier_rooms_list_style_1\">\n\t<div class=\"stm-rooms-list\">\n        \n        \n            \n                            <div class=\"room\">\n                <div class=\"inner\">\n                    <div class=\"room__image\">\n                        <a href=\"https:\/\/bijoulapuertahotel.com\/en\/rooms\/habitacion-estandar\/\">\n\t\t\t\t\t\t\t<img decoding=\"async\" data-srcset=\"https:\/\/bijoulapuertahotel.com\/wp-content\/uploads\/2026\/03\/AREAS-DEL-BIJOU-79-scaled-740x420.jpg 2x\" data-src=\"https:\/\/bijoulapuertahotel.com\/wp-content\/uploads\/2026\/03\/AREAS-DEL-BIJOU-79-scaled-370x210.jpg\" width=\"370\" height=\"210\" alt=\"AREAS DEL BIJOU (79)\" title=\"AREAS DEL BIJOU (79)\" loading=\"lazy\" src=\"data:image\/gif;base64,R0lGODlhAQABAAAAACH5BAEKAAEALAAAAAABAAEAAAICTAEAOw==\" class=\"lazyload\" style=\"--smush-placeholder-width: 370px; --smush-placeholder-aspect-ratio: 370\/210;\" \/><noscript><img decoding=\"async\" srcset=\"https:\/\/bijoulapuertahotel.com\/wp-content\/uploads\/2026\/03\/AREAS-DEL-BIJOU-79-scaled-740x420.jpg 2x\" class=\"\" src=\"https:\/\/bijoulapuertahotel.com\/wp-content\/uploads\/2026\/03\/AREAS-DEL-BIJOU-79-scaled-370x210.jpg\" width=\"370\" height=\"210\" alt=\"AREAS DEL BIJOU (79)\" title=\"AREAS DEL BIJOU (79)\" loading=\"lazy\" \/><\/noscript>                            <div class=\"room__price mbc heading_font\">\n                                <span>&#36;140.00<\/span>\/Night                            <\/div>\n                        <\/a>\n                    <\/div>\n\n                    <div class=\"room__content\">\n                        <div class=\"room__title\">\n                            <h3>\n                                <a class=\"ttc no_deco mtc_h\" href=\"https:\/\/bijoulapuertahotel.com\/en\/rooms\/habitacion-estandar\/\">\n\t\t\t\t\t\t\t\t\tStandard Room                                <\/a>\n                            <\/h3>\n                        <\/div>\n                        <div class=\"room__excerpt\">\n\t\t\t\t\t\t\tEnjoy a pleasant stay in our Standard Room, equipped...                        <\/div>\n\n\t\t\t\t\t\t\n\n<div class=\"room_info\">\n\t\t\t\t\t\t<div class=\"room_info__single\">\n\t\t\t\t<i class=\"mtc stmicon-guest\"><\/i>\n\t\t\t\t<span class=\"ttc heading_font_family\">2<\/span>\n\t\t\t<\/div>\n\t\t\t\t\t\t\t\t<div class=\"room_info__single\">\n\t\t\t\t<i class=\"mtc stmicon-nipple\"><\/i>\n\t\t\t\t<span class=\"ttc heading_font_family\">1<\/span>\n\t\t\t<\/div>\n\t\t\t\t\t\t\t\t<div class=\"room_info__single\">\n\t\t\t\t<i class=\"mtc stmicon-bed2\"><\/i>\n\t\t\t\t<span class=\"ttc heading_font_family\">01 king<\/span>\n\t\t\t<\/div>\n\t\t\t\t\t\t<\/div>\n\n                    <\/div>\n                <\/div>\n            <\/div>\n\t\t\t\n            \n                            <div class=\"room\">\n                <div class=\"inner\">\n                    <div class=\"room__image\">\n                        <a href=\"https:\/\/bijoulapuertahotel.com\/en\/rooms\/habitacion-doble\/\">\n\t\t\t\t\t\t\t<img decoding=\"async\" data-srcset=\"https:\/\/bijoulapuertahotel.com\/wp-content\/uploads\/2026\/03\/AREAS-DEL-BIJOU-95-scaled-740x420.jpg 2x\" data-src=\"https:\/\/bijoulapuertahotel.com\/wp-content\/uploads\/2026\/03\/AREAS-DEL-BIJOU-95-scaled-370x210.jpg\" width=\"370\" height=\"210\" alt=\"AREAS DEL BIJOU (95)\" title=\"AREAS DEL BIJOU (95)\" loading=\"lazy\" src=\"data:image\/gif;base64,R0lGODlhAQABAAAAACH5BAEKAAEALAAAAAABAAEAAAICTAEAOw==\" class=\"lazyload\" style=\"--smush-placeholder-width: 370px; --smush-placeholder-aspect-ratio: 370\/210;\" \/><noscript><img decoding=\"async\" srcset=\"https:\/\/bijoulapuertahotel.com\/wp-content\/uploads\/2026\/03\/AREAS-DEL-BIJOU-95-scaled-740x420.jpg 2x\" class=\"\" src=\"https:\/\/bijoulapuertahotel.com\/wp-content\/uploads\/2026\/03\/AREAS-DEL-BIJOU-95-scaled-370x210.jpg\" width=\"370\" height=\"210\" alt=\"AREAS DEL BIJOU (95)\" title=\"AREAS DEL BIJOU (95)\" loading=\"lazy\" \/><\/noscript>                            <div class=\"room__price mbc heading_font\">\n                                <span>&#36;245.00<\/span>\/Night                            <\/div>\n                        <\/a>\n                    <\/div>\n\n                    <div class=\"room__content\">\n                        <div class=\"room__title\">\n                            <h3>\n                                <a class=\"ttc no_deco mtc_h\" href=\"https:\/\/bijoulapuertahotel.com\/en\/rooms\/habitacion-doble\/\">\n\t\t\t\t\t\t\t\t\tDouble Room                                <\/a>\n                            <\/h3>\n                        <\/div>\n                        <div class=\"room__excerpt\">\n\t\t\t\t\t\t\tIdeal for families or friends, our Double Room has two double beds...                        <\/div>\n\n\t\t\t\t\t\t\n\n<div class=\"room_info\">\n\t\t\t\t\t\t<div class=\"room_info__single\">\n\t\t\t\t<i class=\"mtc stmicon-guest\"><\/i>\n\t\t\t\t<span class=\"ttc heading_font_family\">3<\/span>\n\t\t\t<\/div>\n\t\t\t\t\t\t\t\t<div class=\"room_info__single\">\n\t\t\t\t<i class=\"mtc stmicon-nipple\"><\/i>\n\t\t\t\t<span class=\"ttc heading_font_family\">1<\/span>\n\t\t\t<\/div>\n\t\t\t\t\t\t\t\t<div class=\"room_info__single\">\n\t\t\t\t<i class=\"mtc stmicon-bed2\"><\/i>\n\t\t\t\t<span class=\"ttc heading_font_family\">02 Mat<\/span>\n\t\t\t<\/div>\n\t\t\t\t\t\t<\/div>\n\n                    <\/div>\n                <\/div>\n            <\/div>\n\t\t\t\n            \n                            <div class=\"room\">\n                <div class=\"inner\">\n                    <div class=\"room__image\">\n                        <a href=\"https:\/\/bijoulapuertahotel.com\/en\/rooms\/suites\/\">\n\t\t\t\t\t\t\t<img decoding=\"async\" data-srcset=\"https:\/\/bijoulapuertahotel.com\/wp-content\/uploads\/2026\/03\/AREAS-DEL-BIJOU-87-scaled-740x420.jpg 2x\" data-src=\"https:\/\/bijoulapuertahotel.com\/wp-content\/uploads\/2026\/03\/AREAS-DEL-BIJOU-87-scaled-370x210.jpg\" width=\"370\" height=\"210\" alt=\"AREAS DEL BIJOU (87)\" title=\"AREAS DEL BIJOU (87)\" loading=\"lazy\" src=\"data:image\/gif;base64,R0lGODlhAQABAAAAACH5BAEKAAEALAAAAAABAAEAAAICTAEAOw==\" class=\"lazyload\" style=\"--smush-placeholder-width: 370px; --smush-placeholder-aspect-ratio: 370\/210;\" \/><noscript><img decoding=\"async\" srcset=\"https:\/\/bijoulapuertahotel.com\/wp-content\/uploads\/2026\/03\/AREAS-DEL-BIJOU-87-scaled-740x420.jpg 2x\" class=\"\" src=\"https:\/\/bijoulapuertahotel.com\/wp-content\/uploads\/2026\/03\/AREAS-DEL-BIJOU-87-scaled-370x210.jpg\" width=\"370\" height=\"210\" alt=\"AREAS DEL BIJOU (87)\" title=\"AREAS DEL BIJOU (87)\" loading=\"lazy\" \/><\/noscript>                            <div class=\"room__price mbc heading_font\">\n                                <span>&#36;195.00<\/span>\/Night                            <\/div>\n                        <\/a>\n                    <\/div>\n\n                    <div class=\"room__content\">\n                        <div class=\"room__title\">\n                            <h3>\n                                <a class=\"ttc no_deco mtc_h\" href=\"https:\/\/bijoulapuertahotel.com\/en\/rooms\/suites\/\">\n\t\t\t\t\t\t\t\t\tSuites                                <\/a>\n                            <\/h3>\n                        <\/div>\n                        <div class=\"room__excerpt\">\n\t\t\t\t\t\t\tOur Suite Room offers additional space with a living room that includes...                        <\/div>\n\n\t\t\t\t\t\t\n\n<div class=\"room_info\">\n\t\t\t\t\t\t<div class=\"room_info__single\">\n\t\t\t\t<i class=\"mtc stmicon-guest\"><\/i>\n\t\t\t\t<span class=\"ttc heading_font_family\">2<\/span>\n\t\t\t<\/div>\n\t\t\t\t\t\t\t\t<div class=\"room_info__single\">\n\t\t\t\t<i class=\"mtc stmicon-nipple\"><\/i>\n\t\t\t\t<span class=\"ttc heading_font_family\">1<\/span>\n\t\t\t<\/div>\n\t\t\t\t\t\t\t\t<div class=\"room_info__single\">\n\t\t\t\t<i class=\"mtc stmicon-bed2\"><\/i>\n\t\t\t\t<span class=\"ttc heading_font_family\">01 king<\/span>\n\t\t\t<\/div>\n\t\t\t\t\t\t<\/div>\n\n                    <\/div>\n                <\/div>\n            <\/div>\n\t\t\t\n            \n                            <div class=\"room\">\n                <div class=\"inner\">\n                    <div class=\"room__image\">\n                        <a href=\"https:\/\/bijoulapuertahotel.com\/en\/rooms\/junior-suites\/\">\n\t\t\t\t\t\t\t<img decoding=\"async\" data-srcset=\"https:\/\/bijoulapuertahotel.com\/wp-content\/uploads\/2026\/03\/JR-scaled-740x420.jpg 2x\" data-src=\"https:\/\/bijoulapuertahotel.com\/wp-content\/uploads\/2026\/03\/JR-scaled-370x210.jpg\" width=\"370\" height=\"210\" alt=\"JR\" title=\"JR\" loading=\"lazy\" src=\"data:image\/gif;base64,R0lGODlhAQABAAAAACH5BAEKAAEALAAAAAABAAEAAAICTAEAOw==\" class=\"lazyload\" style=\"--smush-placeholder-width: 370px; --smush-placeholder-aspect-ratio: 370\/210;\" \/><noscript><img decoding=\"async\" srcset=\"https:\/\/bijoulapuertahotel.com\/wp-content\/uploads\/2026\/03\/JR-scaled-740x420.jpg 2x\" class=\"\" src=\"https:\/\/bijoulapuertahotel.com\/wp-content\/uploads\/2026\/03\/JR-scaled-370x210.jpg\" width=\"370\" height=\"210\" alt=\"JR\" title=\"JR\" loading=\"lazy\" \/><\/noscript>                            <div class=\"room__price mbc heading_font\">\n                                <span>&#36;160.00<\/span>\/Night                            <\/div>\n                        <\/a>\n                    <\/div>\n\n                    <div class=\"room__content\">\n                        <div class=\"room__title\">\n                            <h3>\n                                <a class=\"ttc no_deco mtc_h\" href=\"https:\/\/bijoulapuertahotel.com\/en\/rooms\/junior-suites\/\">\n\t\t\t\t\t\t\t\t\tJunior Suites                                <\/a>\n                            <\/h3>\n                        <\/div>\n                        <div class=\"room__excerpt\">\n\t\t\t\t\t\t\tExperience the added luxury of a Jacuzzi bathroom in our Jubilee Room...                        <\/div>\n\n\t\t\t\t\t\t\n\n<div class=\"room_info\">\n\t\t\t\t\t\t<div class=\"room_info__single\">\n\t\t\t\t<i class=\"mtc stmicon-guest\"><\/i>\n\t\t\t\t<span class=\"ttc heading_font_family\">2<\/span>\n\t\t\t<\/div>\n\t\t\t\t\t\t\t\t<div class=\"room_info__single\">\n\t\t\t\t<i class=\"mtc stmicon-nipple\"><\/i>\n\t\t\t\t<span class=\"ttc heading_font_family\">1<\/span>\n\t\t\t<\/div>\n\t\t\t\t\t\t\t\t<div class=\"room_info__single\">\n\t\t\t\t<i class=\"mtc stmicon-bed2\"><\/i>\n\t\t\t\t<span class=\"ttc heading_font_family\">01 king<\/span>\n\t\t\t<\/div>\n\t\t\t\t\t\t<\/div>\n\n                    <\/div>\n                <\/div>\n            <\/div>\n\t\t\t\n            \n                            <div class=\"room\">\n                <div class=\"inner\">\n                    <div class=\"room__image\">\n                        <a href=\"https:\/\/bijoulapuertahotel.com\/en\/rooms\/confort-suites\/\">\n\t\t\t\t\t\t\t<img decoding=\"async\" data-srcset=\"https:\/\/bijoulapuertahotel.com\/wp-content\/uploads\/2026\/03\/AREAS-DEL-BIJOU-76-scaled-740x420.jpg 2x\" data-src=\"https:\/\/bijoulapuertahotel.com\/wp-content\/uploads\/2026\/03\/AREAS-DEL-BIJOU-76-scaled-370x210.jpg\" width=\"370\" height=\"210\" alt=\"AREAS DEL BIJOU (76)\" title=\"AREAS DEL BIJOU (76)\" loading=\"lazy\" src=\"data:image\/gif;base64,R0lGODlhAQABAAAAACH5BAEKAAEALAAAAAABAAEAAAICTAEAOw==\" class=\"lazyload\" style=\"--smush-placeholder-width: 370px; --smush-placeholder-aspect-ratio: 370\/210;\" \/><noscript><img decoding=\"async\" srcset=\"https:\/\/bijoulapuertahotel.com\/wp-content\/uploads\/2026\/03\/AREAS-DEL-BIJOU-76-scaled-740x420.jpg 2x\" class=\"\" src=\"https:\/\/bijoulapuertahotel.com\/wp-content\/uploads\/2026\/03\/AREAS-DEL-BIJOU-76-scaled-370x210.jpg\" width=\"370\" height=\"210\" alt=\"AREAS DEL BIJOU (76)\" title=\"AREAS DEL BIJOU (76)\" loading=\"lazy\" \/><\/noscript>                            <div class=\"room__price mbc heading_font\">\n                                <span>&#36;430.00<\/span>\/Night                            <\/div>\n                        <\/a>\n                    <\/div>\n\n                    <div class=\"room__content\">\n                        <div class=\"room__title\">\n                            <h3>\n                                <a class=\"ttc no_deco mtc_h\" href=\"https:\/\/bijoulapuertahotel.com\/en\/rooms\/confort-suites\/\">\n\t\t\t\t\t\t\t\t\tComfort Suites                                <\/a>\n                            <\/h3>\n                        <\/div>\n                        <div class=\"room__excerpt\">\n\t\t\t\t\t\t\tDisfruta de la amplitud de nuestras Confort Suites, que cuentan con dos habit...                        <\/div>\n\n\t\t\t\t\t\t\n\n<div class=\"room_info\">\n\t\t\t\t\t\t<div class=\"room_info__single\">\n\t\t\t\t<i class=\"mtc stmicon-guest\"><\/i>\n\t\t\t\t<span class=\"ttc heading_font_family\">5<\/span>\n\t\t\t<\/div>\n\t\t\t\t\t\t\t\t<div class=\"room_info__single\">\n\t\t\t\t<i class=\"mtc stmicon-nipple\"><\/i>\n\t\t\t\t<span class=\"ttc heading_font_family\">1<\/span>\n\t\t\t<\/div>\n\t\t\t\t\t\t\t\t<div class=\"room_info__single\">\n\t\t\t\t<i class=\"mtc stmicon-bed2\"><\/i>\n\t\t\t\t<span class=\"ttc heading_font_family\">01 king 02 Mat<\/span>\n\t\t\t<\/div>\n\t\t\t\t\t\t<\/div>\n\n                    <\/div>\n                <\/div>\n            <\/div>\n\t\t\t\n            \n        \n            <\/div>\n<\/div>\n        \n        \n<div id=\"reserve-rooms-button\">\n\n<!--    --><!---->\n<!--    --><!---->\n<!--    --><!---->\n<!--    -->\n<\/div>\n\n        \n    <input type=\"hidden\" name=\"trp-form-language\" value=\"en\"\/><\/form>\n\n\n<\/div>\n\n\t\t<\/div>\n\t<\/div>\n        <\/div>\n    <\/div>\n<\/div><div class=\"sm_pr_15 sm_pl_15 wpb_column vc_column_container vc_col-sm-4\">\n    <div class=\"vc_column-inner vc_custom_1530685780065\">\n        <div class=\"wpb_wrapper\">\n            \r\n<div class=\"stm_markup__sidebar_divider\">\r\n    <div class=\"wpb-content-wrapper\"><div class=\"container vc_container\" ><div class=\"vc_row wpb_row vc_row-fluid\"><div class=\"wpb_column vc_column_container vc_col-sm-12\">\n    <div class=\"vc_column-inner\">\n        <div class=\"wpb_wrapper\">\n            <div  class=\"vc_wp_posts wpb_content_element\"><\/div>        <\/div>\n    <\/div>\n<\/div><\/div><\/div>\n<\/div><\/div>\r\n\r\n        <\/div>\n    <\/div>\n<\/div><\/div><\/div>\n<\/div>","protected":false},"excerpt":{"rendered":"Disfruta de la amplitud de nuestras Confort Suites, que cuentan con dos habitaciones separadas: una con dos camas Full y otra con todas las caracter\u00edsticas est\u00e1ndar. Ideal para grupos grandes con una capacidad m\u00e1xima de 5 adultos y 1 ni\u00f1o (menor de 11 a\u00f1os).","protected":false},"author":1,"featured_media":0,"parent":0,"menu_order":0,"comment_status":"closed","ping_status":"closed","template":"","meta":{"_joinchat":[],"footnotes":""},"class_list":["post-41","page","type-page","status-publish","hentry"],"_links":{"self":[{"href":"https:\/\/bijoulapuertahotel.com\/en\/wp-json\/wp\/v2\/pages\/41","targetHints":{"allow":["GET"]}}],"collection":[{"href":"https:\/\/bijoulapuertahotel.com\/en\/wp-json\/wp\/v2\/pages"}],"about":[{"href":"https:\/\/bijoulapuertahotel.com\/en\/wp-json\/wp\/v2\/types\/page"}],"author":[{"embeddable":true,"href":"https:\/\/bijoulapuertahotel.com\/en\/wp-json\/wp\/v2\/users\/1"}],"replies":[{"embeddable":true,"href":"https:\/\/bijoulapuertahotel.com\/en\/wp-json\/wp\/v2\/comments?post=41"}],"version-history":[{"count":1,"href":"https:\/\/bijoulapuertahotel.com\/en\/wp-json\/wp\/v2\/pages\/41\/revisions"}],"predecessor-version":[{"id":1413,"href":"https:\/\/bijoulapuertahotel.com\/en\/wp-json\/wp\/v2\/pages\/41\/revisions\/1413"}],"wp:attachment":[{"href":"https:\/\/bijoulapuertahotel.com\/en\/wp-json\/wp\/v2\/media?parent=41"}],"curies":[{"name":"wp","href":"https:\/\/api.w.org\/{rel}","templated":true}]}}