{"id":168,"date":"2018-06-05T04:15:54","date_gmt":"2018-06-05T04:15:54","guid":{"rendered":"http:\/\/multipurpose.loc\/hotel\/?page_id=168"},"modified":"2026-03-19T16:08:22","modified_gmt":"2026-03-19T20:08:22","slug":"contacta-con-nosotros","status":"publish","type":"page","link":"https:\/\/bijoulapuertahotel.com\/en\/contacta-con-nosotros\/","title":{"rendered":"Contact us"},"content":{"rendered":"<div class=\"wpb-content-wrapper\"><section class=\"vc_section vc_custom_1537953987339\"><div class=\"container vc_container  vc_custom_1531906799465\" ><div class=\"vc_row wpb_row vc_row-fluid\"><div class=\"wpb_column vc_column_container vc_col-sm-6 vc_col-lg-8 vc_col-md-8 vc_col-xs-12\">\n    <div class=\"vc_column-inner\">\n        <div class=\"wpb_wrapper\">\n            <h4 style=\"text-align: left\" class=\"vc_custom_heading   text-left\">WE WORK AT THE VANGUARD<\/h4>\n\t<div class=\"wpb_text_column wpb_content_element\" >\n\t\t<div class=\"wpb_wrapper\">\n\t\t\t<p>To learn more about our service offerings and our experience in the hospitality industry, or to have a member of our team contact you directly, please fill out the form below or send an email. We are here to help you plan your perfect stay at Hotel Bijou Amethyste.<\/p>\n<p>We would love to answer your questions and provide you with all the information you need to enjoy an unforgettable experience with us.<\/p>\n\n\t\t<\/div>\n\t<\/div>\n        <\/div>\n    <\/div>\n<\/div><\/div><\/div><div class=\"container-fluid vc_container-fluid  vc_custom_1538134741352\" ><div class=\"vc_row wpb_row vc_row-fluid vc_row-has-fill vc_row-o-equal-height vc_row-o-content-middle vc_row-flex\"><div class=\"container\"><div class=\"row\"><div class=\"wpb_column vc_column_container vc_col-sm-6 vc_col-lg-4 vc_col-md-4 vc_col-xs-12\">\n    <div class=\"vc_column-inner vc_custom_1538133673472\">\n        <div class=\"wpb_wrapper\">\n            <div class=\"stm_spacer\">\n    <div class=\"visible-lg\" style=\"height: 30px;\"><\/div>\n    <div class=\"visible-md\" style=\"height: 30px;\"><\/div>\n    <div class=\"visible-sm\" style=\"height: 30px;\"><\/div>\n    <div class=\"visible-xs\" style=\"height: 30px;\"><\/div>\n<\/div>\n\t<div class=\"wpb_text_column wpb_content_element\" >\n\t\t<div class=\"wpb_wrapper\">\n\t\t\t<h3 style=\"font-size: 48px; line-height: 45px;\">Contacts<\/h3>\n\n\t\t<\/div>\n\t<\/div>\n<div class=\"stm_spacer\">\n    <div class=\"visible-lg\" style=\"height: 43px;\"><\/div>\n    <div class=\"visible-md\" style=\"height: 43px;\"><\/div>\n    <div class=\"visible-sm\" style=\"height: 10px;\"><\/div>\n    <div class=\"visible-xs\" style=\"height: 10px;\"><\/div>\n<\/div>\n\n    <div class=\"stm_iconbox clearfix stm_iconbox_style_1 stm_iconbox69e5b6c250acb text-left  stm_iconbox__icon-left clearfix\">\n                    <div class=\"stm_iconbox__icon\"\n                 style=\"width: 65px; height: 60px;\">\n                <i style=\"font-size:45px;color:#3a3138;\"\n                   class=\"custom stmicon-phone-call\">\n                <\/i>\n            <\/div>\n                <div class=\"stm_iconbox__text\">\n                            <h6 style=\"font-size:16px!important;\" class=\"no_line\"><span\n                            class=\"mtc_b\">Phone<\/span><\/h6>\n                        <div class=\"stm_iconbox__desc\">\n            <span class=\"stm_iconbox__dots\">\n                <span class=\"stm_iconbox__dot stm_iconbox__dot_first\"><\/span>\n                <span class=\"stm_iconbox__dot stm_iconbox__dot_second\"><\/span>\n                <span class=\"stm_iconbox__dot stm_iconbox__dot_third\"><\/span>\n            <\/span>\n                <h3 style=\"font-size: 22px;\">+58 (412) 6625607<\/h3>\n            <\/div>\n        <\/div>\n    <\/div>\n<div class=\"stm_spacer\">\n    <div class=\"visible-lg\" style=\"height: 26px;\"><\/div>\n    <div class=\"visible-md\" style=\"height: 26px;\"><\/div>\n    <div class=\"visible-sm\" style=\"height: 25px;\"><\/div>\n    <div class=\"visible-xs\" style=\"height: 20px;\"><\/div>\n<\/div>\n\n    <div class=\"stm_iconbox clearfix stm_iconbox_style_1 stm_iconbox69e5b6c250e42 text-left  stm_iconbox__icon-left clearfix\">\n                    <div class=\"stm_iconbox__icon\"\n                 style=\"width: 65px; height: 60px;\">\n                <i style=\"font-size:45px;color:#3a3138;\"\n                   class=\"custom stmicon-phone-call\">\n                <\/i>\n            <\/div>\n                <div class=\"stm_iconbox__text\">\n                            <h6 style=\"font-size:16px!important;\" class=\"no_line\"><span\n                            class=\"mtc_b\">Phone<\/span><\/h6>\n                        <div class=\"stm_iconbox__desc\">\n            <span class=\"stm_iconbox__dots\">\n                <span class=\"stm_iconbox__dot stm_iconbox__dot_first\"><\/span>\n                <span class=\"stm_iconbox__dot stm_iconbox__dot_second\"><\/span>\n                <span class=\"stm_iconbox__dot stm_iconbox__dot_third\"><\/span>\n            <\/span>\n                <h3 style=\"font-size: 22px;\">+58 (269) 2442745<\/h3>\n            <\/div>\n        <\/div>\n    <\/div>\n<div class=\"stm_spacer\">\n    <div class=\"visible-lg\" style=\"height: 21px;\"><\/div>\n    <div class=\"visible-md\" style=\"height: 21px;\"><\/div>\n    <div class=\"visible-sm\" style=\"height: 20px;\"><\/div>\n    <div class=\"visible-xs\" style=\"height: 20px;\"><\/div>\n<\/div>\n\n    <div class=\"stm_iconbox clearfix stm_iconbox_style_1 stm_iconbox69e5b6c251179 text-left  stm_iconbox__icon-left clearfix\">\n                    <div class=\"stm_iconbox__icon\"\n                 style=\"width: 65px; height: 60px;\">\n                <i style=\"font-size:46px;color:#3a3138;\"\n                   class=\"custom stmicon-maps-and-flags\">\n                <\/i>\n            <\/div>\n                <div class=\"stm_iconbox__text\">\n                            <h6 style=\"font-size:16px!important;\" class=\"no_line\"><span\n                            class=\"mtc_b\">ADDRESS<\/span><\/h6>\n                        <div class=\"stm_iconbox__desc\">\n            <span class=\"stm_iconbox__dots\">\n                <span class=\"stm_iconbox__dot stm_iconbox__dot_first\"><\/span>\n                <span class=\"stm_iconbox__dot stm_iconbox__dot_second\"><\/span>\n                <span class=\"stm_iconbox__dot stm_iconbox__dot_third\"><\/span>\n            <\/span>\n                <h3 style=\"font-size: 22px;\">Av. General Pelayo, between street Mamporal y Tosto<br \/>\nPuerta Maraven, Punto Fijo.<\/h3>\n            <\/div>\n        <\/div>\n    <\/div>\n<div class=\"stm_spacer\">\n    <div class=\"visible-lg\" style=\"height: 30px;\"><\/div>\n    <div class=\"visible-md\" style=\"height: 30px;\"><\/div>\n    <div class=\"visible-sm\" style=\"height: 30px;\"><\/div>\n    <div class=\"visible-xs\" style=\"height: 30px;\"><\/div>\n<\/div>        <\/div>\n    <\/div>\n<\/div><div data-stretch=\"right\" class=\"wpb_column vc_column_container vc_col-sm-6 vc_col-lg-8 vc_col-md-8 vc_col-xs-12\">\n    <div class=\"vc_column-inner vc_custom_1538133669144\">\n        <div class=\"wpb_wrapper\">\n            <div class=\"wpb_gmaps_widget wpb_content_element\"><div class=\"wpb_wrapper\"><div class=\"wpb_map_wraper\"><iframe data-src=\"https:\/\/www.google.com\/maps\/embed?pb=!1m18!1m12!1m3!1d3907.607300950472!2d-70.2035114901502!3d11.651307042401427!2m3!1f0!2f0!3f0!3m2!1i1024!2i768!4f13.1!3m3!1m2!1s0x8e85edcc24d0846b%3A0x89730266e6249b7e!2sHotel%20Bijou%20Amethyste!5e0!3m2!1ses-419!2ssa!4v1718287338440!5m2!1ses-419!2ssa\" width=\"600\" height=\"600\" style=\"border:0;\" allowfullscreen=\"\" loading=\"lazy\" referrerpolicy=\"no-referrer-when-downgrade\" src=\"data:image\/gif;base64,R0lGODlhAQABAAAAACH5BAEKAAEALAAAAAABAAEAAAICTAEAOw==\" class=\"lazyload\" data-load-mode=\"1\"><\/iframe><\/div><\/div><\/div>        <\/div>\n    <\/div>\n<\/div><\/div><\/div><\/div><\/div><\/section><div class=\"container vc_container  vc_custom_1531906799465\" ><div class=\"vc_row wpb_row vc_row-fluid\"><div class=\"wpb_column vc_column_container vc_col-sm-1\/5\">\n    <div class=\"vc_column-inner\">\n        <div class=\"wpb_wrapper\">\n                    <\/div>\n    <\/div>\n<\/div><div class=\"wpb_column vc_column_container vc_col-sm-3\/5\">\n    <div class=\"vc_column-inner\">\n        <div class=\"wpb_wrapper\">\n            <div class=\"stm_spacer\">\n    <div class=\"visible-lg\" style=\"height: 120px;\"><\/div>\n    <div class=\"visible-md\" style=\"height: 120px;\"><\/div>\n    <div class=\"visible-sm\" style=\"height: 70px;\"><\/div>\n    <div class=\"visible-xs\" style=\"height: 60px;\"><\/div>\n<\/div><h2 style=\"text-align: center\" class=\"vc_custom_heading vc_custom_1718287092832   stm_custom_heading__icon text-center\"><i class=\"stmicon-haircut position_top mtc\" ><\/i>Feedback form<\/h2>\n<div class=\"wpcf7 no-js\" id=\"wpcf7-f172-o1\" lang=\"en-US\" dir=\"ltr\" data-wpcf7-id=\"172\">\n<div class=\"screen-reader-response\"><p role=\"status\" aria-live=\"polite\" aria-atomic=\"true\"><\/p> <ul><\/ul><\/div>\n<form action=\"\/wp-json\/wp\/v2\/pages\/168\" method=\"post\" class=\"wpcf7-form init stm_cf7 stm_cf7_style_1\" aria-label=\"Contact form\" novalidate=\"novalidate\" data-status=\"init\" data-trp-original-action=\"\/en\/wp-json\/wp\/v2\/pages\/168#wpcf7-f172-o1\">\n<div style=\"display: none;\">\n<input type=\"hidden\" name=\"_wpcf7\" value=\"172\" \/>\n<input type=\"hidden\" name=\"_wpcf7_version\" value=\"6.0\" \/>\n<input type=\"hidden\" name=\"_wpcf7_locale\" value=\"en_US\" \/>\n<input type=\"hidden\" name=\"_wpcf7_unit_tag\" value=\"wpcf7-f172-o1\" \/>\n<input type=\"hidden\" name=\"_wpcf7_container_post\" value=\"0\" \/>\n<input type=\"hidden\" name=\"_wpcf7_posted_data_hash\" value=\"\" \/>\n<\/div>\n<div class=\"row\">\n\t<div class=\"col-md-6\">\n\t\t<div class=\"form-group\">\n\t\t\t<p><span class=\"wpcf7-form-control-wrap\" data-name=\"text-462\"><input size=\"40\" maxlength=\"400\" class=\"wpcf7-form-control wpcf7-text wpcf7-validates-as-required\" aria-required=\"true\" aria-invalid=\"false\" placeholder=\"Name\" value=\"\" type=\"text\" name=\"text-462\" \/><\/span>\n\t\t\t<\/p>\n\t\t<\/div>\n\t<\/div>\n\t<div class=\"col-md-6\">\n\t\t<div class=\"form-group\">\n\t\t\t<p><span class=\"wpcf7-form-control-wrap\" data-name=\"email-308\"><input size=\"40\" maxlength=\"400\" class=\"wpcf7-form-control wpcf7-email wpcf7-validates-as-required wpcf7-text wpcf7-validates-as-email\" aria-required=\"true\" aria-invalid=\"false\" placeholder=\"Email\" value=\"\" type=\"email\" name=\"email-308\" \/><\/span>\n\t\t\t<\/p>\n\t\t<\/div>\n\t<\/div>\n\t<div class=\"col-md-12\">\n\t\t<div class=\"form-group\">\n\t\t\t<p><span class=\"wpcf7-form-control-wrap\" data-name=\"textarea-269\"><textarea cols=\"40\" rows=\"3\" maxlength=\"2000\" class=\"wpcf7-form-control wpcf7-textarea\" aria-invalid=\"false\" placeholder=\"Message\" name=\"textarea-269\"><\/textarea><\/span>\n\t\t\t<\/p>\n\t\t<\/div>\n\t<\/div>\n\t<div class=\"col-md-12\">\n\t\t<div class=\"form-group text-center\">\n\t\t\t<p><button class=\"wpcf7-form-control wpcf7-submit btn btn_solid btn_primary\" type=\"submit\">Send Message<\/button>\n\t\t\t<\/p>\n\t\t<\/div>\n\t<\/div>\n<\/div><input type='hidden' class='wpcf7-pum' value='{\"closepopup\":false,\"closedelay\":0,\"openpopup\":false,\"openpopup_id\":0}' \/><div class=\"wpcf7-response-output\" aria-hidden=\"true\"><\/div>\n<input type=\"hidden\" name=\"trp-form-language\" value=\"en\"\/><\/form>\n<\/div>\n        <\/div>\n    <\/div>\n<\/div><div class=\"wpb_column vc_column_container vc_col-sm-1\/5\">\n    <div class=\"vc_column-inner\">\n        <div class=\"wpb_wrapper\">\n                    <\/div>\n    <\/div>\n<\/div><\/div><\/div>\n<\/div>","protected":false},"excerpt":{"rendered":"TRABAJAMOS A LA VANGUARDIA Para obtener m\u00e1s informaci\u00f3n sobre nuestras ofertas de servicios y nuestra experiencia en la industria hotelera, o para que un miembro de nuestro equipo se comunique con usted directamente, complete el siguiente formulario o env\u00ede un correo electr\u00f3nico. Estamos aqu\u00ed para ayudarle a planificar su estancia perfecta en el Hotel Bijou [...]","protected":false},"author":1,"featured_media":0,"parent":0,"menu_order":0,"comment_status":"closed","ping_status":"closed","template":"","meta":{"_joinchat":[],"footnotes":""},"class_list":["post-168","page","type-page","status-publish","hentry"],"_links":{"self":[{"href":"https:\/\/bijoulapuertahotel.com\/en\/wp-json\/wp\/v2\/pages\/168","targetHints":{"allow":["GET"]}}],"collection":[{"href":"https:\/\/bijoulapuertahotel.com\/en\/wp-json\/wp\/v2\/pages"}],"about":[{"href":"https:\/\/bijoulapuertahotel.com\/en\/wp-json\/wp\/v2\/types\/page"}],"author":[{"embeddable":true,"href":"https:\/\/bijoulapuertahotel.com\/en\/wp-json\/wp\/v2\/users\/1"}],"replies":[{"embeddable":true,"href":"https:\/\/bijoulapuertahotel.com\/en\/wp-json\/wp\/v2\/comments?post=168"}],"version-history":[{"count":18,"href":"https:\/\/bijoulapuertahotel.com\/en\/wp-json\/wp\/v2\/pages\/168\/revisions"}],"predecessor-version":[{"id":3784,"href":"https:\/\/bijoulapuertahotel.com\/en\/wp-json\/wp\/v2\/pages\/168\/revisions\/3784"}],"wp:attachment":[{"href":"https:\/\/bijoulapuertahotel.com\/en\/wp-json\/wp\/v2\/media?parent=168"}],"curies":[{"name":"wp","href":"https:\/\/api.w.org\/{rel}","templated":true}]}}