{"id":146,"date":"2018-06-04T16:05:39","date_gmt":"2018-06-04T16:05:39","guid":{"rendered":"http:\/\/multipurpose.loc\/hotel\/?page_id=146"},"modified":"2026-03-27T17:24:48","modified_gmt":"2026-03-27T21:24:48","slug":"acerca","status":"publish","type":"page","link":"https:\/\/bijoulapuertahotel.com\/en\/acerca\/","title":{"rendered":"About"},"content":{"rendered":"<div class=\"wpb-content-wrapper\"><div class=\"container vc_container\" ><div class=\"vc_row wpb_row vc_row-fluid\"><div class=\"wpb_column vc_column_container vc_col-sm-12\">\n    <div class=\"vc_column-inner\">\n        <div class=\"wpb_wrapper\">\n            <div class=\"stm_spacer\">\n    <div class=\"visible-lg\" style=\"height: 40px;\"><\/div>\n    <div class=\"visible-md\" style=\"height: 40px;\"><\/div>\n    <div class=\"visible-sm\" style=\"height: 30px;\"><\/div>\n    <div class=\"visible-xs\" style=\"height: 20px;\"><\/div>\n<\/div>        <\/div>\n    <\/div>\n<\/div><\/div><\/div><div class=\"container vc_container\" ><div class=\"vc_row wpb_row vc_row-fluid vc_row-o-equal-height vc_row-o-content-middle vc_row-flex\"><div class=\"wpb_column vc_column_container vc_col-sm-4\">\n    <div class=\"vc_column-inner\">\n        <div class=\"wpb_wrapper\">\n            <h2 style=\"font-size: 40px;line-height: 47px;text-align: center\" class=\"vc_custom_heading   text-center\">All.<br \/>\nRight where<br \/>\nyou need it.<\/h2>        <\/div>\n    <\/div>\n<\/div><div class=\"wpb_column vc_column_container vc_col-sm-8\">\n    <div class=\"vc_column-inner\">\n        <div class=\"wpb_wrapper\">\n            \n\t<div class=\"wpb_text_column wpb_content_element\" >\n\t\t<div class=\"wpb_wrapper\">\n\t\t\t<p>At the Hotel Bijou Amethyste, we are an avant-garde hotel that is distinguished by its high quality standards and modern facilities. Our privileged location and our wide range of services guarantee an unforgettable experience for our guests.<\/p>\n<p>We pride ourselves on having a highly qualified staff, dedicated to providing you with the attention and service you deserve. We are sure that after your stay with us, you will want to return soon.<\/p>\n\n\t\t<\/div>\n\t<\/div>\n        <\/div>\n    <\/div>\n<\/div><\/div><\/div><div class=\"container vc_container\" ><div class=\"vc_row wpb_row vc_row-fluid\"><div class=\"wpb_column vc_column_container vc_col-sm-12\">\n    <div class=\"vc_column-inner\">\n        <div class=\"wpb_wrapper\">\n            <div class=\"stm_spacer\">\n    <div class=\"visible-lg\" style=\"height: 80px;\"><\/div>\n    <div class=\"visible-md\" style=\"height: 80px;\"><\/div>\n    <div class=\"visible-sm\" style=\"height: 50px;\"><\/div>\n    <div class=\"visible-xs\" style=\"height: 30px;\"><\/div>\n<\/div>        <\/div>\n    <\/div>\n<\/div><\/div><\/div><div class=\"container vc_container\" ><div class=\"vc_row wpb_row vc_row-fluid\"><div class=\"wpb_column vc_column_container vc_col-sm-4\">\n    <div class=\"vc_column-inner\">\n        <div class=\"wpb_wrapper\">\n            \n\t<div  class=\"wpb_single_image wpb_content_element vc_align_center\">\n\t\t\n\t\t<figure class=\"wpb_wrapper vc_figure\">\n\t\t\t<a class=\"\" data-lightbox=\"lightbox[rel-146-2000964051]\" href=\"https:\/\/bijoulapuertahotel.com\/wp-content\/uploads\/2024\/07\/Bijou-Espacios-81-683x1024.jpg\" target=\"_self\"><img decoding=\"async\" data-srcset=\"https:\/\/bijoulapuertahotel.com\/wp-content\/uploads\/2024\/07\/Bijou-Espacios-81-740x900.jpg 2x\" class=\"vc_single_image-img lazyload\" data-src=\"https:\/\/bijoulapuertahotel.com\/wp-content\/uploads\/2024\/07\/Bijou-Espacios-81-370x450.jpg\" width=\"370\" height=\"450\" alt=\"Hotel Bijou Espacios\" title=\"Hotel Bijou Espacios\" loading=\"lazy\" src=\"data:image\/gif;base64,R0lGODlhAQABAAAAACH5BAEKAAEALAAAAAABAAEAAAICTAEAOw==\" style=\"--smush-placeholder-width: 370px; --smush-placeholder-aspect-ratio: 370\/450;\" \/><noscript><img decoding=\"async\" srcset=\"https:\/\/bijoulapuertahotel.com\/wp-content\/uploads\/2024\/07\/Bijou-Espacios-81-740x900.jpg 2x\" class=\"vc_single_image-img\" src=\"https:\/\/bijoulapuertahotel.com\/wp-content\/uploads\/2024\/07\/Bijou-Espacios-81-370x450.jpg\" width=\"370\" height=\"450\" alt=\"Hotel Bijou Espacios\" title=\"Hotel Bijou Espacios\" loading=\"lazy\" \/><\/noscript><\/a>\n\t\t<\/figure>\n\t<\/div>\n<div class=\"stm_spacer\">\n    <div class=\"visible-lg\" style=\"height: 30px;\"><\/div>\n    <div class=\"visible-md\" style=\"height: 30px;\"><\/div>\n    <div class=\"visible-sm\" style=\"height: 20px;\"><\/div>\n    <div class=\"visible-xs\" style=\"height: 10px;\"><\/div>\n<\/div>        <\/div>\n    <\/div>\n<\/div><div class=\"wpb_column vc_column_container vc_col-sm-4\">\n    <div class=\"vc_column-inner\">\n        <div class=\"wpb_wrapper\">\n            \n\t<div  class=\"wpb_single_image wpb_content_element vc_align_center\">\n\t\t\n\t\t<figure class=\"wpb_wrapper vc_figure\">\n\t\t\t<a class=\"\" data-lightbox=\"lightbox[rel-146-4044021452]\" href=\"https:\/\/bijoulapuertahotel.com\/wp-content\/uploads\/2024\/07\/Bijou-Espacios-147-683x1024.jpg\" target=\"_self\"><img decoding=\"async\" data-srcset=\"https:\/\/bijoulapuertahotel.com\/wp-content\/uploads\/2024\/07\/Bijou-Espacios-147-740x900.jpg 2x\" class=\"vc_single_image-img lazyload\" data-src=\"https:\/\/bijoulapuertahotel.com\/wp-content\/uploads\/2024\/07\/Bijou-Espacios-147-370x450.jpg\" width=\"370\" height=\"450\" alt=\"Hotel Bijou Espacios\" title=\"Hotel Bijou Espacios\" loading=\"lazy\" src=\"data:image\/gif;base64,R0lGODlhAQABAAAAACH5BAEKAAEALAAAAAABAAEAAAICTAEAOw==\" style=\"--smush-placeholder-width: 370px; --smush-placeholder-aspect-ratio: 370\/450;\" \/><noscript><img decoding=\"async\" srcset=\"https:\/\/bijoulapuertahotel.com\/wp-content\/uploads\/2024\/07\/Bijou-Espacios-147-740x900.jpg 2x\" class=\"vc_single_image-img\" src=\"https:\/\/bijoulapuertahotel.com\/wp-content\/uploads\/2024\/07\/Bijou-Espacios-147-370x450.jpg\" width=\"370\" height=\"450\" alt=\"Hotel Bijou Espacios\" title=\"Hotel Bijou Espacios\" loading=\"lazy\" \/><\/noscript><\/a>\n\t\t<\/figure>\n\t<\/div>\n<div class=\"stm_spacer\">\n    <div class=\"visible-lg\" style=\"height: 30px;\"><\/div>\n    <div class=\"visible-md\" style=\"height: 30px;\"><\/div>\n    <div class=\"visible-sm\" style=\"height: 20px;\"><\/div>\n    <div class=\"visible-xs\" style=\"height: 10px;\"><\/div>\n<\/div>        <\/div>\n    <\/div>\n<\/div><div class=\"wpb_column vc_column_container vc_col-sm-4\">\n    <div class=\"vc_column-inner\">\n        <div class=\"wpb_wrapper\">\n            \n\t<div  class=\"wpb_single_image wpb_content_element vc_align_center\">\n\t\t\n\t\t<figure class=\"wpb_wrapper vc_figure\">\n\t\t\t<a class=\"\" data-lightbox=\"lightbox[rel-146-1637401401]\" href=\"https:\/\/bijoulapuertahotel.com\/wp-content\/uploads\/2024\/07\/Bijou-Espacios-160-683x1024.jpg\" target=\"_self\"><img decoding=\"async\" data-srcset=\"https:\/\/bijoulapuertahotel.com\/wp-content\/uploads\/2024\/07\/Bijou-Espacios-160-740x900.jpg 2x\" class=\"vc_single_image-img lazyload\" data-src=\"https:\/\/bijoulapuertahotel.com\/wp-content\/uploads\/2024\/07\/Bijou-Espacios-160-370x450.jpg\" width=\"370\" height=\"450\" alt=\"Hotel Bijou Espacios\" title=\"Hotel Bijou Espacios\" loading=\"lazy\" src=\"data:image\/gif;base64,R0lGODlhAQABAAAAACH5BAEKAAEALAAAAAABAAEAAAICTAEAOw==\" style=\"--smush-placeholder-width: 370px; --smush-placeholder-aspect-ratio: 370\/450;\" \/><noscript><img decoding=\"async\" srcset=\"https:\/\/bijoulapuertahotel.com\/wp-content\/uploads\/2024\/07\/Bijou-Espacios-160-740x900.jpg 2x\" class=\"vc_single_image-img\" src=\"https:\/\/bijoulapuertahotel.com\/wp-content\/uploads\/2024\/07\/Bijou-Espacios-160-370x450.jpg\" width=\"370\" height=\"450\" alt=\"Hotel Bijou Espacios\" title=\"Hotel Bijou Espacios\" loading=\"lazy\" \/><\/noscript><\/a>\n\t\t<\/figure>\n\t<\/div>\n<div class=\"stm_spacer\">\n    <div class=\"visible-lg\" style=\"height: 30px;\"><\/div>\n    <div class=\"visible-md\" style=\"height: 30px;\"><\/div>\n    <div class=\"visible-sm\" style=\"height: 20px;\"><\/div>\n    <div class=\"visible-xs\" style=\"height: 10px;\"><\/div>\n<\/div>        <\/div>\n    <\/div>\n<\/div><\/div><\/div><div class=\"container vc_container\" ><div class=\"vc_row wpb_row vc_row-fluid\"><div class=\"wpb_column vc_column_container vc_col-sm-12\">\n    <div class=\"vc_column-inner\">\n        <div class=\"wpb_wrapper\">\n            <div class=\"stm_spacer\">\n    <div class=\"visible-lg\" style=\"height: 20px;\"><\/div>\n    <div class=\"visible-md\" style=\"height: 20px;\"><\/div>\n    <div class=\"visible-sm\" style=\"height: 20px;\"><\/div>\n    <div class=\"visible-xs\" style=\"height: 10px;\"><\/div>\n<\/div>        <\/div>\n    <\/div>\n<\/div><\/div><\/div><div class=\"container vc_container\" ><div class=\"vc_row wpb_row vc_row-fluid\"><div class=\"wpb_column vc_column_container vc_col-sm-8\">\n    <div class=\"vc_column-inner\">\n        <div class=\"wpb_wrapper\">\n            <div class=\"vc_tta-container\" data-vc-action=\"collapse\"><div class=\"vc_general vc_tta vc_tta-accordion vc_tta-color-grey vc_tta-style-classic vc_tta-shape-rounded vc_tta-o-shape-group vc_tta-controls-align-default\"><div class=\"vc_tta-panels-container\"><div class=\"vc_tta-panels\"><div class=\"vc_tta-panel vc_active\" id=\"1538132636712-264a5877-6fed\" data-vc-content=\".vc_tta-panel-body\"><div class=\"vc_tta-panel-heading\"><h4 class=\"vc_tta-panel-title vc_tta-controls-icon-position-right\"><a href=\"#1538132636712-264a5877-6fed\" data-vc-accordion data-vc-container=\".vc_tta-container\"><span class=\"vc_tta-title-text\">Excellence in service<\/span><i class=\"vc_tta-controls-icon vc_tta-controls-icon-chevron\"><\/i><\/a><\/h4><\/div><div class=\"vc_tta-panel-body\">\n\t<div class=\"wpb_text_column wpb_content_element\" >\n\t\t<div class=\"wpb_wrapper\">\n\t\t\t<p>We are committed to offering a first-class, personalized and attentive service. Each member of our team is dedicated to exceeding our guests' expectations, providing memorable and unique experiences.<\/p>\n\n\t\t<\/div>\n\t<\/div>\n<\/div><\/div><div class=\"vc_tta-panel\" id=\"1538132636518-c530006e-2eda\" data-vc-content=\".vc_tta-panel-body\"><div class=\"vc_tta-panel-heading\"><h4 class=\"vc_tta-panel-title vc_tta-controls-icon-position-right\"><a href=\"#1538132636518-c530006e-2eda\" data-vc-accordion data-vc-container=\".vc_tta-container\"><span class=\"vc_tta-title-text\">Quality and Luxury<\/span><i class=\"vc_tta-controls-icon vc_tta-controls-icon-chevron\"><\/i><\/a><\/h4><\/div><div class=\"vc_tta-panel-body\">\n\t<div class=\"wpb_text_column wpb_content_element\" >\n\t\t<div class=\"wpb_wrapper\">\n\t\t\t<p>We strive to maintain the highest quality standards in all our facilities and services. From the elegance of our rooms to the exquisiteness of our cuisine, every detail is designed to offer an incomparable luxury experience.<\/p>\n\n\t\t<\/div>\n\t<\/div>\n<\/div><\/div><div class=\"vc_tta-panel\" id=\"1538132622962-d4599275-36ec\" data-vc-content=\".vc_tta-panel-body\"><div class=\"vc_tta-panel-heading\"><h4 class=\"vc_tta-panel-title vc_tta-controls-icon-position-right\"><a href=\"#1538132622962-d4599275-36ec\" data-vc-accordion data-vc-container=\".vc_tta-container\"><span class=\"vc_tta-title-text\">Innovation and Modernity<\/span><i class=\"vc_tta-controls-icon vc_tta-controls-icon-chevron\"><\/i><\/a><\/h4><\/div><div class=\"vc_tta-panel-body\">\n\t<div class=\"wpb_text_column wpb_content_element\" >\n\t\t<div class=\"wpb_wrapper\">\n\t\t\t<p>We remain at the forefront of trends and technologies in the hotel sector. We constantly innovate and improve our services and processes to ensure our guests enjoy the best in comfort and convenience.<\/p>\n\n\t\t<\/div>\n\t<\/div>\n<\/div><\/div><div class=\"vc_tta-panel\" id=\"1538129643112-19237441-374a\" data-vc-content=\".vc_tta-panel-body\"><div class=\"vc_tta-panel-heading\"><h4 class=\"vc_tta-panel-title vc_tta-controls-icon-position-right\"><a href=\"#1538129643112-19237441-374a\" data-vc-accordion data-vc-container=\".vc_tta-container\"><span class=\"vc_tta-title-text\">Hospitality and Warmth<\/span><i class=\"vc_tta-controls-icon vc_tta-controls-icon-chevron\"><\/i><\/a><\/h4><\/div><div class=\"vc_tta-panel-body\">\n\t<div class=\"wpb_text_column wpb_content_element\" >\n\t\t<div class=\"wpb_wrapper\">\n\t\t\t<p>We take pride in creating a warm, welcoming environment where every guest feels valued and welcome. Our hospitality is reflected in the kindness, courtesy and professionalism of our staff.<\/p>\n\n\t\t<\/div>\n\t<\/div>\n<\/div><\/div><div class=\"vc_tta-panel\" id=\"1538129642517-40860cd0-aae9\" data-vc-content=\".vc_tta-panel-body\"><div class=\"vc_tta-panel-heading\"><h4 class=\"vc_tta-panel-title vc_tta-controls-icon-position-right\"><a href=\"#1538129642517-40860cd0-aae9\" data-vc-accordion data-vc-container=\".vc_tta-container\"><span class=\"vc_tta-title-text\">Responsibility and Sustainability<\/span><i class=\"vc_tta-controls-icon vc_tta-controls-icon-chevron\"><\/i><\/a><\/h4><\/div><div class=\"vc_tta-panel-body\">\n\t<div class=\"wpb_text_column wpb_content_element\" >\n\t\t<div class=\"wpb_wrapper\">\n\t\t\t<p>We are committed to sustainable and responsible practices that minimize our environmental impact. We strive to operate in an eco-friendly manner, promoting the well-being of both our guests and the environment around us.<\/p>\n\n\t\t<\/div>\n\t<\/div>\n<\/div><\/div><\/div><\/div><\/div><\/div>        <\/div>\n    <\/div>\n<\/div><div class=\"wpb_column vc_column_container vc_col-sm-4\">\n    <div class=\"vc_column-inner\">\n        <div class=\"wpb_wrapper\">\n            <div class=\"vc_row wpb_row vc_inner vc_row-fluid vc_custom_1718321436987 vc_row-has-fill\"><div class=\"wpb_column vc_column_container vc_col-sm-12 hotel_column_inner_b62120c7e0e2af104948acd814cb5445\"><div class=\"vc_column-inner\"><div class=\"wpb_wrapper\"><div class=\"stm_spacer\">\n    <div class=\"visible-lg\" style=\"height: 84px;\"><\/div>\n    <div class=\"visible-md\" style=\"height: 84px;\"><\/div>\n    <div class=\"visible-sm\" style=\"height: 60px;\"><\/div>\n    <div class=\"visible-xs\" style=\"height: 40px;\"><\/div>\n<\/div>\n\n    <div class=\"stm_icon   text-center stm_icon_69d501cd9e44b\">\n        <i style=\"font-size: 80px;color: #ffffff\"\n           class=\"stmicon-hotel-concierge custom\"><\/i>\n    <\/div>\n\n<div class=\"stm_spacer\">\n    <div class=\"visible-lg\" style=\"height: 20px;\"><\/div>\n    <div class=\"visible-md\" style=\"height: 20px;\"><\/div>\n    <div class=\"visible-sm\" style=\"height: 20px;\"><\/div>\n    <div class=\"visible-xs\" style=\"height: 10px;\"><\/div>\n<\/div><h3 style=\"color: #ffffff;text-align: center\" class=\"vc_custom_heading   text-center\">All inclusive<\/h3><div class=\"stm_spacer\">\n    <div class=\"visible-lg\" style=\"height: 10px;\"><\/div>\n    <div class=\"visible-md\" style=\"height: 10px;\"><\/div>\n    <div class=\"visible-sm\" style=\"height: 10px;\"><\/div>\n    <div class=\"visible-xs\" style=\"height: 10px;\"><\/div>\n<\/div>\n\t<div class=\"wpb_text_column wpb_content_element  vc_custom_1718289248972\" >\n\t\t<div class=\"wpb_wrapper\">\n\t\t\t<p style=\"text-align: center;\"><span style=\"color: #ffffff;\"><em>We deliver the best value to our customers by continuously optimizing our processes and cost structure. This allows us to provide an \u201call-inclusive\u201d experience that combines luxury, comfort and affordability without compromising quality.<\/em><\/span><\/p>\n\n\t\t<\/div>\n\t<\/div>\n<div class=\"stm_spacer\">\n    <div class=\"visible-lg\" style=\"height: 70px;\"><\/div>\n    <div class=\"visible-md\" style=\"height: 70px;\"><\/div>\n    <div class=\"visible-sm\" style=\"height: 60px;\"><\/div>\n    <div class=\"visible-xs\" style=\"height: 40px;\"><\/div>\n<\/div><\/div><\/div><\/div><\/div>        <\/div>\n    <\/div>\n<\/div><\/div><\/div><div class=\"container vc_container\" ><div class=\"vc_row wpb_row vc_row-fluid\"><div class=\"wpb_column vc_column_container vc_col-sm-12\">\n    <div class=\"vc_column-inner\">\n        <div class=\"wpb_wrapper\">\n            <div class=\"stm_spacer\">\n    <div class=\"visible-lg\" style=\"height: 70px;\"><\/div>\n    <div class=\"visible-md\" style=\"height: 70px;\"><\/div>\n    <div class=\"visible-sm\" style=\"height: 50px;\"><\/div>\n    <div class=\"visible-xs\" style=\"height: 30px;\"><\/div>\n<\/div>        <\/div>\n    <\/div>\n<\/div><\/div><\/div><div class=\"container-fluid vc_container-fluid  vc_custom_1538132912342  stm-parallax\"  data-parallax=\"stm-parallax69d501cd9ebc7\"><div class=\"stm_row-opacity\" style=\"background-color:rgba(17,17,17,0.5); \"><\/div><div class=\"vc_row wpb_row vc_row-fluid vc_row-has-fill\"><div class=\"container\"><div class=\"row\"><div class=\"wpb_column vc_column_container vc_col-sm-12 vc_col-lg-offset-2 vc_col-lg-8 vc_col-md-offset-2 vc_col-md-8 vc_col-xs-12\">\n    <div class=\"vc_column-inner\">\n        <div class=\"wpb_wrapper\">\n            <div class=\"stm_spacer\">\n    <div class=\"visible-lg\" style=\"height: 180px;\"><\/div>\n    <div class=\"visible-md\" style=\"height: 180px;\"><\/div>\n    <div class=\"visible-sm\" style=\"height: 120px;\"><\/div>\n    <div class=\"visible-xs\" style=\"height: 70px;\"><\/div>\n<\/div><h3 style=\"font-size: 72px;color: #ffffff;line-height: 80px;text-align: center\" class=\"vc_custom_heading vc_custom_1718289323821   text-center\">Book early and save<\/h3><div class=\"vc_btn3-container vc_btn3-center\" ><a class=\"vc_general vc_btn3 vc_btn3-size-lg vc_btn3-shape-rounded vc_btn3-style-modern vc_btn3-block vc_btn3-color-purple\" href=\"https:\/\/bijoulapuertahotel.com\/en\/lista-habitaciones\/\" title=\"\">RESERVA<\/a><\/div><div class=\"stm_spacer\">\n    <div class=\"visible-lg\" style=\"height: 160px;\"><\/div>\n    <div class=\"visible-md\" style=\"height: 160px;\"><\/div>\n    <div class=\"visible-sm\" style=\"height: 130px;\"><\/div>\n    <div class=\"visible-xs\" style=\"height: 70px;\"><\/div>\n<\/div>        <\/div>\n    <\/div>\n<\/div><\/div><\/div><\/div><\/div>\n<\/div>","protected":false},"excerpt":{"rendered":"Todo. Justo donde lo necesita. En el Hotel Bijou Amethyste, somos un hotel de vanguardia que se distingue por sus altos est\u00e1ndares de calidad y modernas instalaciones. Nuestra ubicaci\u00f3n privilegiada y nuestra amplia gama de servicios garantizan una experiencia inolvidable para nuestros hu\u00e9spedes. Nos enorgullecemos de contar con un personal altamente calificado, dedicado a brindarle [...]","protected":false},"author":1,"featured_media":0,"parent":0,"menu_order":0,"comment_status":"closed","ping_status":"closed","template":"","meta":{"_joinchat":[],"footnotes":""},"class_list":["post-146","page","type-page","status-publish","hentry"],"_links":{"self":[{"href":"https:\/\/bijoulapuertahotel.com\/en\/wp-json\/wp\/v2\/pages\/146","targetHints":{"allow":["GET"]}}],"collection":[{"href":"https:\/\/bijoulapuertahotel.com\/en\/wp-json\/wp\/v2\/pages"}],"about":[{"href":"https:\/\/bijoulapuertahotel.com\/en\/wp-json\/wp\/v2\/types\/page"}],"author":[{"embeddable":true,"href":"https:\/\/bijoulapuertahotel.com\/en\/wp-json\/wp\/v2\/users\/1"}],"replies":[{"embeddable":true,"href":"https:\/\/bijoulapuertahotel.com\/en\/wp-json\/wp\/v2\/comments?post=146"}],"version-history":[{"count":7,"href":"https:\/\/bijoulapuertahotel.com\/en\/wp-json\/wp\/v2\/pages\/146\/revisions"}],"predecessor-version":[{"id":3954,"href":"https:\/\/bijoulapuertahotel.com\/en\/wp-json\/wp\/v2\/pages\/146\/revisions\/3954"}],"wp:attachment":[{"href":"https:\/\/bijoulapuertahotel.com\/en\/wp-json\/wp\/v2\/media?parent=146"}],"curies":[{"name":"wp","href":"https:\/\/api.w.org\/{rel}","templated":true}]}}